{"id":10260,"date":"2026-02-05T18:25:55","date_gmt":"2026-02-05T16:25:55","guid":{"rendered":"https:\/\/wow.rbs.md\/?post_type=product&#038;p=10260"},"modified":"2026-02-05T18:27:29","modified_gmt":"2026-02-05T16:27:29","slug":"pat-florence","status":"publish","type":"product","link":"https:\/\/wowhome.md\/ru\/product\/pat-florence\/","title":{"rendered":"\u041f\u044d\u0442 \u0424\u043b\u043e\u0440\u0435\u043d\u0441"},"content":{"rendered":"<h2>Descriere Pat Florence 160 x 200 cm  18424<\/h2>\n<p>Patul Florance<strong>&nbsp;<\/strong>este un model dublu moale din stof\u0103 pl\u0103cut\u0103 la atingere, este o piesa de lux \u00een interiorul dormitorului t\u0103u. Accentul luminos al patului Florance&nbsp;este realizat pe un sp\u0103tar moale \u00eenalt cu relief (tetier\u0103&nbsp;moale) \u00een stilul Chester Laurence. Pentru&nbsp;tapi\u021berie este folosit\u0103 o&nbsp;\u021bes\u0103tur\u0103 modern\u0103 de \u00eenalt\u0103 calitate, cu o textur\u0103 original\u0103. Datorit\u0103 texturii, patul are un aspect mai maiestuos, mai nobil.<\/p>\n<p>&nbsp;<\/p>","protected":false},"excerpt":{"rendered":"<p>Descriere Pat Florence 160 x 200 cm 18424 Patul Florance&nbsp;este un model dublu moale din stof\u0103 pl\u0103cut\u0103 la atingere, este<\/p>","protected":false},"featured_media":10373,"template":"","meta":[],"product_brand":[1030],"product_cat":[308],"product_tag":[169],"class_list":{"0":"post-10260","1":"product","2":"type-product","3":"status-publish","4":"has-post-thumbnail","6":"product_brand-premium","7":"product_cat-paturi-tapitate","8":"product_tag-5-rate-0","10":"first","11":"instock","12":"shipping-taxable","13":"purchasable","14":"product-type-variable"},"_links":{"self":[{"href":"https:\/\/wowhome.md\/ru\/wp-json\/wp\/v2\/product\/10260","targetHints":{"allow":["GET"]}}],"collection":[{"href":"https:\/\/wowhome.md\/ru\/wp-json\/wp\/v2\/product"}],"about":[{"href":"https:\/\/wowhome.md\/ru\/wp-json\/wp\/v2\/types\/product"}],"version-history":[{"count":0,"href":"https:\/\/wowhome.md\/ru\/wp-json\/wp\/v2\/product\/10260\/revisions"}],"wp:featuredmedia":[{"embeddable":true,"href":"https:\/\/wowhome.md\/ru\/wp-json\/wp\/v2\/media\/10373"}],"wp:attachment":[{"href":"https:\/\/wowhome.md\/ru\/wp-json\/wp\/v2\/media?parent=10260"}],"wp:term":[{"taxonomy":"product_brand","embeddable":true,"href":"https:\/\/wowhome.md\/ru\/wp-json\/wp\/v2\/product_brand?post=10260"},{"taxonomy":"product_cat","embeddable":true,"href":"https:\/\/wowhome.md\/ru\/wp-json\/wp\/v2\/product_cat?post=10260"},{"taxonomy":"product_tag","embeddable":true,"href":"https:\/\/wowhome.md\/ru\/wp-json\/wp\/v2\/product_tag?post=10260"}],"curies":[{"name":"wp","href":"https:\/\/api.w.org\/{rel}","templated":true}]}}