{"id":10256,"date":"2026-02-05T18:25:55","date_gmt":"2026-02-05T16:25:55","guid":{"rendered":"https:\/\/wow.rbs.md\/?post_type=product&#038;p=10256"},"modified":"2026-02-05T18:26:45","modified_gmt":"2026-02-05T16:26:45","slug":"pat-marko","status":"publish","type":"product","link":"https:\/\/wowhome.md\/ru\/product\/pat-marko\/","title":{"rendered":"\u041f\u044d\u0442 \u041c\u0430\u0440\u043a\u043e"},"content":{"rendered":"<h2>Descriere Pat Marko 160 x 200 cm  023041<\/h2>\n<p data-end=\"276\" data-start=\"0\">\u041a\u0440\u043e\u0432\u0430\u0442\u044c <strong>Marko<\/strong> cu t\u0103blie mare \u0219i moale este un model rafinat, creat pentru a aduce confort \u0219i c\u0103ldur\u0103 \u00een dormitorul dumneavoastr\u0103. Este disponibil \u00een diverse variante de tapi\u021berie \u0219i este echipat cu un mecanism de ridicare Eksan, care faciliteaz\u0103 accesul la lada pentru lenjerie.<\/p>\n<p data-end=\"305\" data-start=\"278\">Avantajele modelului Marko:<\/p>\n<ul data-end=\"560\" data-start=\"306\">\n<li data-end=\"350\" data-start=\"306\">\n<p data-end=\"350\" data-start=\"308\">Mecanism de ridicare rezistent \u0219i fiabil<\/p>\n<\/li>\n<li data-end=\"383\" data-start=\"351\">\n<p data-end=\"383\" data-start=\"353\">\u041f\u0440\u043e\u0441\u0442\u043e\u0440\u043d\u044b\u0439 \u044f\u0449\u0438\u043a \u0434\u043b\u044f \u0445\u0440\u0430\u043d\u0435\u043d\u0438\u044f<\/p>\n<\/li>\n<li data-end=\"411\" data-start=\"384\">\n<p data-end=\"411\" data-start=\"386\">T\u0103blie mare, capitonat\u0103<\/p>\n<\/li>\n<li data-end=\"445\" data-start=\"412\">\n<p data-end=\"445\" data-start=\"414\">Suprafa\u021b\u0103 de dormit generoas\u0103<\/p>\n<\/li>\n<li data-end=\"517\" data-start=\"446\">\n<p data-end=\"517\" data-start=\"448\">Picioare din lemn de frasin sau finisaj wenge, cu \u00een\u0103l\u021bimea de 4 cm<\/p>\n<\/li>\n<li data-end=\"560\" data-start=\"518\">\n<p data-end=\"560\" data-start=\"520\">Garan\u021bie extins\u0103 oferit\u0103 de produc\u0103tor<\/p>\n<\/li>\n<\/ul>\n<p data-end=\"582\" data-start=\"562\">\u0418\u0441\u043f\u043e\u043b\u044c\u0437\u043e\u0432\u0430\u043d\u043d\u044b\u0435 \u043c\u0430\u0442\u0435\u0440\u0438\u0430\u043b\u044b:<\/p>\n<ul data-end=\"876\" data-start=\"583\">\n<li data-end=\"776\" data-start=\"583\">\n<p data-end=\"776\" data-start=\"585\">Cadru realizat din lemn masiv, placaj, PAL \u0219i HDF, asigur\u00e2nd durabilitate \u0219i rezisten\u021b\u0103 sporit\u0103 la uzur\u0103. Aceast\u0103 combina\u021bie de materiale ofer\u0103 stabilitate \u0219i o durat\u0103 de via\u021b\u0103 \u00eendelungat\u0103.<\/p>\n<\/li>\n<li data-end=\"876\" data-start=\"777\">\n<p data-end=\"876\" data-start=\"779\">Lamelele elastice stratificate contribuie la amortizarea suplimentar\u0103 \u0219i ofer\u0103 confort ortopedic.<\/p>\n<\/li>\n<\/ul>\n<p data-end=\"952\" data-start=\"878\">Dimensiuni: \u00een\u0103l\u021bimea lateral\u0103 (\u021barg\u0103) \u2013 38 cm, \u00een\u0103l\u021bimea t\u0103bliei \u2013 96 cm.<\/p>\n<p data-end=\"1049\" data-is-last-node=\"\" data-is-only-node=\"\" data-start=\"954\">Cu patul <strong>Marko<\/strong> ob\u021bine\u021bi un model elegant \u0219i confortabil, conceput s\u0103 v\u0103 \u00eenso\u021beasc\u0103 ani la r\u00e2nd.<\/p>","protected":false},"excerpt":{"rendered":"<p>Descriere Pat Marko 160 x 200 cm 023041 Patul Marko cu t\u0103blie mare \u0219i moale este un model rafinat, creat<\/p>","protected":false},"featured_media":10278,"template":"","meta":[],"product_brand":[1030],"product_cat":[308],"product_tag":[168],"class_list":{"0":"post-10256","1":"product","2":"type-product","3":"status-publish","4":"has-post-thumbnail","6":"product_brand-premium","7":"product_cat-paturi-tapitate","8":"product_tag-10-rate-0","10":"first","11":"instock","12":"sale","13":"shipping-taxable","14":"purchasable","15":"product-type-variable"},"_links":{"self":[{"href":"https:\/\/wowhome.md\/ru\/wp-json\/wp\/v2\/product\/10256","targetHints":{"allow":["GET"]}}],"collection":[{"href":"https:\/\/wowhome.md\/ru\/wp-json\/wp\/v2\/product"}],"about":[{"href":"https:\/\/wowhome.md\/ru\/wp-json\/wp\/v2\/types\/product"}],"version-history":[{"count":0,"href":"https:\/\/wowhome.md\/ru\/wp-json\/wp\/v2\/product\/10256\/revisions"}],"wp:featuredmedia":[{"embeddable":true,"href":"https:\/\/wowhome.md\/ru\/wp-json\/wp\/v2\/media\/10278"}],"wp:attachment":[{"href":"https:\/\/wowhome.md\/ru\/wp-json\/wp\/v2\/media?parent=10256"}],"wp:term":[{"taxonomy":"product_brand","embeddable":true,"href":"https:\/\/wowhome.md\/ru\/wp-json\/wp\/v2\/product_brand?post=10256"},{"taxonomy":"product_cat","embeddable":true,"href":"https:\/\/wowhome.md\/ru\/wp-json\/wp\/v2\/product_cat?post=10256"},{"taxonomy":"product_tag","embeddable":true,"href":"https:\/\/wowhome.md\/ru\/wp-json\/wp\/v2\/product_tag?post=10256"}],"curies":[{"name":"wp","href":"https:\/\/api.w.org\/{rel}","templated":true}]}}