{"id":10204,"date":"2026-02-05T18:25:35","date_gmt":"2026-02-05T16:25:35","guid":{"rendered":"https:\/\/wow.rbs.md\/?post_type=product&#038;p=10204"},"modified":"2026-02-05T18:26:20","modified_gmt":"2026-02-05T16:26:20","slug":"pat-erevan","status":"publish","type":"product","link":"https:\/\/wowhome.md\/ru\/product\/pat-erevan\/","title":{"rendered":"\u041f\u044d\u0442 \u042d\u0440\u0435\u0432\u0430\u043d"},"content":{"rendered":"<h2>Descriere Pat Erevan 160 x 200 cm Grey 019544<\/h2>\n<p>Patul \u201cErevan\u201d face parte din categoria \u201eEconom\u201d. Acest model este disponibil \u00een mai multe nuan\u021be standard pentru pat: gri, bej, cafeniu. Modelul include sertare pentru depozitarea lenjeriei de pat cu func\u021bie de aerisire \u0219i mecanism de ridicare a patului. Se folose\u0219te \u021bes\u0103tura &#8222;Balaton&#8221;, rezistent\u0103 la uzur\u0103 \u0219i durabil\u0103.<\/p>\n<p>\u0423\u0433\u043b\u044b \u043a\u0440\u043e\u0432\u0430\u0442\u0438 \u0441\u043e\u0435\u0434\u0438\u043d\u0435\u043d\u044b \u043f\u043e\u0434 \u0443\u0433\u043b\u043e\u043c 90\u00b0 \u0434\u043b\u044f \u0443\u043f\u0440\u043e\u0449\u0435\u043d\u0438\u044f \u043f\u0440\u043e\u0438\u0437\u0432\u043e\u0434\u0441\u0442\u0432\u0430. \u0422\u043e\u043b\u0449\u0438\u043d\u0430 \u0438\u0437\u0433\u043e\u043b\u043e\u0432\u044c\u044f 9 \u0441\u043c, \u043d\u043e\u0436\u043a\u0438 \u0438\u0437 \u0434\u0435\u0440\u0435\u0432\u0430, \u0432\u044b\u0441\u043e\u0442\u0430 10 \u0441\u043c. \u0422\u043e\u043b\u0449\u0438\u043d\u0430 \u0431\u043e\u043a\u043e\u0432\u0438\u043d \u0441\u043e\u0441\u0442\u0430\u0432\u043b\u044f\u0435\u0442 5 \u0441\u043c. \u0423\u043f\u0440\u043e\u0449\u0435\u043d\u043d\u044b\u0439 \u043a\u0430\u0440\u043a\u0430\u0441 \u043a\u0440\u043e\u0432\u0430\u0442\u0438 \u0441\u043e\u0441\u0442\u043e\u0438\u0442 \u0438\u0437 34 \u043f\u043b\u0430\u043d\u043e\u043a \u0441 \u043f\u0440\u043e\u0444\u0438\u043b\u0435\u043c 30\u00d730 \u043c\u043c.<\/p>\n<p>\u042d\u0442\u043e \u043e\u0442\u043b\u0438\u0447\u043d\u043e\u0435 \u0440\u0435\u0448\u0435\u043d\u0438\u0435 \u0434\u043b\u044f \u0442\u0435\u0445, \u043a\u043e\u043c\u0443 \u043d\u0443\u0436\u043d\u0430 \u043d\u0435\u0434\u043e\u0440\u043e\u0433\u0430\u044f \u043a\u0440\u043e\u0432\u0430\u0442\u044c, \u0441\u043e\u043e\u0442\u0432\u0435\u0442\u0441\u0442\u0432\u0443\u044e\u0449\u0430\u044f \u0441\u043e\u043e\u0442\u043d\u043e\u0448\u0435\u043d\u0438\u044e \u0446\u0435\u043d\u0430\/\u043a\u0430\u0447\u0435\u0441\u0442\u0432\u043e.<\/p>","protected":false},"excerpt":{"rendered":"<p>Descriere Pat Erevan 160 x 200 cm Grey 019544 Patul \u201cErevan\u201d face parte din categoria \u201eEconom\u201d. Acest model este disponibil<\/p>","protected":false},"featured_media":10234,"template":"","meta":[],"product_brand":[1033],"product_cat":[308],"product_tag":[993],"class_list":{"0":"post-10204","1":"product","2":"type-product","3":"status-publish","4":"has-post-thumbnail","6":"product_brand-econom","7":"product_cat-paturi-tapitate","8":"product_tag-5-rate-0-livrare-rapida","10":"first","11":"instock","12":"shipping-taxable","13":"purchasable","14":"product-type-variable"},"_links":{"self":[{"href":"https:\/\/wowhome.md\/ru\/wp-json\/wp\/v2\/product\/10204","targetHints":{"allow":["GET"]}}],"collection":[{"href":"https:\/\/wowhome.md\/ru\/wp-json\/wp\/v2\/product"}],"about":[{"href":"https:\/\/wowhome.md\/ru\/wp-json\/wp\/v2\/types\/product"}],"version-history":[{"count":0,"href":"https:\/\/wowhome.md\/ru\/wp-json\/wp\/v2\/product\/10204\/revisions"}],"wp:featuredmedia":[{"embeddable":true,"href":"https:\/\/wowhome.md\/ru\/wp-json\/wp\/v2\/media\/10234"}],"wp:attachment":[{"href":"https:\/\/wowhome.md\/ru\/wp-json\/wp\/v2\/media?parent=10204"}],"wp:term":[{"taxonomy":"product_brand","embeddable":true,"href":"https:\/\/wowhome.md\/ru\/wp-json\/wp\/v2\/product_brand?post=10204"},{"taxonomy":"product_cat","embeddable":true,"href":"https:\/\/wowhome.md\/ru\/wp-json\/wp\/v2\/product_cat?post=10204"},{"taxonomy":"product_tag","embeddable":true,"href":"https:\/\/wowhome.md\/ru\/wp-json\/wp\/v2\/product_tag?post=10204"}],"curies":[{"name":"wp","href":"https:\/\/api.w.org\/{rel}","templated":true}]}}