{"id":10127,"date":"2026-02-05T18:24:43","date_gmt":"2026-02-05T16:24:43","guid":{"rendered":"https:\/\/wow.rbs.md\/?post_type=product&#038;p=10127"},"modified":"2026-02-05T18:25:32","modified_gmt":"2026-02-05T16:25:32","slug":"pat-miracol","status":"publish","type":"product","link":"https:\/\/wowhome.md\/ru\/product\/pat-miracol\/","title":{"rendered":"\u041f\u044d\u0442 \u041c\u0438\u0440\u0430\u043a\u043b"},"content":{"rendered":"<h2>Descriere Pat Miracol 90 x 200 cm  019751<\/h2>\n<p>Un pat tapi\u021bat elegant, cu cadru solid din lemn, acoperit integral cu o \u021bes\u0103tur\u0103 catifelat\u0103. T\u0103blia \u00eenalt\u0103, capitonat\u0103, este decorat\u0103 cu butoni ad\u00e2nci dispu\u0219i \u00een model diamantat, ad\u0103ug\u00e2nd un plus de rafinament. Lateralele&nbsp;patului sunt, de asemenea, tapi\u021bate, conferind un aspect uniform \u0219i luxos. Designul ergonomic \u0219i materialele de calitate asigur\u0103 at\u00e2t confortul, c\u00e2t \u0219i durabilitatea, transform\u00e2nd patul \u00eentr-o pies\u0103 central\u0103 sofisticat\u0103 pentru orice dormitor.<\/p>","protected":false},"excerpt":{"rendered":"<p>Descriere Pat Miracol 90 x 200 cm 019751 Un pat tapi\u021bat elegant, cu cadru solid din lemn, acoperit integral cu<\/p>","protected":false},"featured_media":10136,"template":"","meta":[],"product_brand":[1032],"product_cat":[308],"product_tag":[1031],"class_list":{"0":"post-10127","1":"product","2":"type-product","3":"status-publish","4":"has-post-thumbnail","6":"product_brand-comfort","7":"product_cat-paturi-tapitate","8":"product_tag-5-rate-0-orice-culoare","10":"first","11":"instock","12":"shipping-taxable","13":"purchasable","14":"product-type-variable"},"_links":{"self":[{"href":"https:\/\/wowhome.md\/ru\/wp-json\/wp\/v2\/product\/10127","targetHints":{"allow":["GET"]}}],"collection":[{"href":"https:\/\/wowhome.md\/ru\/wp-json\/wp\/v2\/product"}],"about":[{"href":"https:\/\/wowhome.md\/ru\/wp-json\/wp\/v2\/types\/product"}],"version-history":[{"count":0,"href":"https:\/\/wowhome.md\/ru\/wp-json\/wp\/v2\/product\/10127\/revisions"}],"wp:featuredmedia":[{"embeddable":true,"href":"https:\/\/wowhome.md\/ru\/wp-json\/wp\/v2\/media\/10136"}],"wp:attachment":[{"href":"https:\/\/wowhome.md\/ru\/wp-json\/wp\/v2\/media?parent=10127"}],"wp:term":[{"taxonomy":"product_brand","embeddable":true,"href":"https:\/\/wowhome.md\/ru\/wp-json\/wp\/v2\/product_brand?post=10127"},{"taxonomy":"product_cat","embeddable":true,"href":"https:\/\/wowhome.md\/ru\/wp-json\/wp\/v2\/product_cat?post=10127"},{"taxonomy":"product_tag","embeddable":true,"href":"https:\/\/wowhome.md\/ru\/wp-json\/wp\/v2\/product_tag?post=10127"}],"curies":[{"name":"wp","href":"https:\/\/api.w.org\/{rel}","templated":true}]}}